{"id":527,"date":"2023-11-08T17:16:09","date_gmt":"2023-11-08T17:16:09","guid":{"rendered":"https:\/\/bohus.cilla.enson.se\/?page_id=527"},"modified":"2024-12-22T18:39:19","modified_gmt":"2024-12-22T18:39:19","slug":"arkitekter","status":"publish","type":"page","link":"https:\/\/bohus-villan.se\/da\/arkitekter\/","title":{"rendered":"Arkitekter"},"content":{"rendered":"<div data-elementor-type=\"wp-page\" data-elementor-id=\"527\" class=\"elementor elementor-527\" data-elementor-post-type=\"page\">\n\t\t\t\t<div class=\"has_ae_slider elementor-element elementor-element-374baf5 e-flex e-con-boxed ae-bg-gallery-type-default e-con e-parent\" data-id=\"374baf5\" data-element_type=\"container\" data-e-type=\"container\">\n\t\t\t\t\t<div class=\"e-con-inner\">\n\t\t<div class=\"has_ae_slider elementor-element elementor-element-7d24bb0 e-con-full e-flex ae-bg-gallery-type-default e-con e-child\" data-id=\"7d24bb0\" data-element_type=\"container\" data-e-type=\"container\" data-settings=\"{&quot;background_background&quot;:&quot;classic&quot;}\">\n\t\t\t\t<div class=\"elementor-element elementor-element-9e176d4 elementor-widget elementor-widget-heading\" data-id=\"9e176d4\" data-element_type=\"widget\" data-e-type=\"widget\" data-widget_type=\"heading.default\">\n\t\t\t\t<div class=\"elementor-widget-container\">\n\t\t\t\t\t<h2 class=\"elementor-heading-title elementor-size-default\">Skabelse - fra id\u00e9 til f\u00e6rdigt produkt!<\/h2>\t\t\t\t<\/div>\n\t\t\t\t<\/div>\n\t\t\t\t<div class=\"elementor-element elementor-element-8aee7ed elementor-widget__width-inherit elementor-widget elementor-widget-text-editor\" data-id=\"8aee7ed\" data-element_type=\"widget\" data-e-type=\"widget\" data-widget_type=\"text-editor.default\">\n\t\t\t\t<div class=\"elementor-widget-container\">\n\t\t\t\t\t\t\t\t\t<p>Processen med kunden er sjov, n\u00e6sten alt kan lade sig g\u00f8re! Jeg tager altid udgangspunkt i, hvordan kunderne er som mennesker, huset skal passe til dem.<\/p><p>Udfordringerne er som regel at skabe smarte l\u00f8sninger uden at optage plads, at skabe funktion, lysgennemstr\u00f8mning og udsigt. Alt skal harmonere og matche klimaet, milj\u00f8venlige materialer og det, der fungerer bedst til den tilt\u00e6nkte funktion.<\/p><p><em>\"At have sin egen fabrik, f\u00e5 en ny id\u00e9 til et hus, designe det og derefter bygge det p\u00e5 en uge er ekstremt tilfredsstillende. Processen er det sjoveste, produktet er repr\u00e6sentativt for processen med at l\u00f8se problemer, som vi mennesker g\u00f8r.\"\u00a0<\/em><\/p><p><strong><em>-Kenton Knowles<\/em><\/strong><\/p>\t\t\t\t\t\t\t\t<\/div>\n\t\t\t\t<\/div>\n\t\t\t\t<\/div>\n\t\t<div class=\"has_ae_slider elementor-element elementor-element-41439bd e-con-full e-flex ae-bg-gallery-type-default e-con e-child\" data-id=\"41439bd\" data-element_type=\"container\" data-e-type=\"container\" data-settings=\"{&quot;animation&quot;:&quot;none&quot;,&quot;animation_delay&quot;:500,&quot;background_background&quot;:&quot;classic&quot;}\">\n\t\t\t\t<div class=\"elementor-element elementor-element-a8ad2a7 elementor-widget elementor-widget-heading\" data-id=\"a8ad2a7\" data-element_type=\"widget\" data-e-type=\"widget\" data-widget_type=\"heading.default\">\n\t\t\t\t<div class=\"elementor-widget-container\">\n\t\t\t\t\t<h2 class=\"elementor-heading-title elementor-size-default\">Arkitekt Kenton Knowles\n<\/h2>\t\t\t\t<\/div>\n\t\t\t\t<\/div>\n\t\t\t\t<div class=\"elementor-element elementor-element-d149b33 elementor-widget elementor-widget-image\" data-id=\"d149b33\" data-element_type=\"widget\" data-e-type=\"widget\" data-widget_type=\"image.default\">\n\t\t\t\t<div class=\"elementor-widget-container\">\n\t\t\t\t\t\t\t\t\t\t\t\t\t\t\t<img decoding=\"async\" width=\"200\" height=\"200\" src=\"https:\/\/bohus-villan.se\/wp-content\/uploads\/2023\/12\/kenton-knowles-profil1.webp\" class=\"attachment-full size-full wp-image-1290\" alt=\"\" srcset=\"https:\/\/bohus-villan.se\/wp-content\/uploads\/2023\/12\/kenton-knowles-profil1.webp 200w, https:\/\/bohus-villan.se\/wp-content\/uploads\/2023\/12\/kenton-knowles-profil1-150x150.webp 150w\" sizes=\"(max-width: 200px) 100vw, 200px\" \/>\t\t\t\t\t\t\t\t\t\t\t\t\t\t\t<\/div>\n\t\t\t\t<\/div>\n\t\t\t\t<div class=\"elementor-element elementor-element-897b72c elementor-widget__width-inherit elementor-widget elementor-widget-text-editor\" data-id=\"897b72c\" data-element_type=\"widget\" data-e-type=\"widget\" data-widget_type=\"text-editor.default\">\n\t\t\t\t<div class=\"elementor-widget-container\">\n\t\t\t\t\t\t\t\t\t<p>Kenton har selv bygget n\u00e6sten alt, hvad han har designet, hvilket g\u00f8r ham til en arkitekt med et holistisk syn p\u00e5 processen fra id\u00e9 til f\u00e6rdigt produkt.<\/p>\t\t\t\t\t\t\t\t<\/div>\n\t\t\t\t<\/div>\n\t\t\t\t<div class=\"elementor-element elementor-element-661febc elementor-widget elementor-widget-button\" data-id=\"661febc\" data-element_type=\"widget\" data-e-type=\"widget\" data-widget_type=\"button.default\">\n\t\t\t\t<div class=\"elementor-widget-container\">\n\t\t\t\t\t\t\t\t\t<div class=\"elementor-button-wrapper\">\n\t\t\t\t\t<a class=\"elementor-button elementor-button-link elementor-size-sm\" href=\"https:\/\/se.linkedin.com\/in\/kenton-knowles-97084ba\" target=\"_blank\">\n\t\t\t\t\t\t<span class=\"elementor-button-content-wrapper\">\n\t\t\t\t\t\t\t\t\t<span class=\"elementor-button-text\">Kenton Knowles profil<\/span>\n\t\t\t\t\t<\/span>\n\t\t\t\t\t<\/a>\n\t\t\t\t<\/div>\n\t\t\t\t\t\t\t\t<\/div>\n\t\t\t\t<\/div>\n\t\t\t\t<\/div>\n\t\t\t\t\t<\/div>\n\t\t\t\t<\/div>\n\t\t\t\t<\/div>","protected":false},"excerpt":{"rendered":"<p>Skapandet &#8211; Fr\u00e5n id\u00e9 till f\u00e4rdig produkt! Processen med kunden \u00e4r rolig, n\u00e4stan allt g\u00e5r att g\u00f6ra! Jag utg\u00e5r alltid fr\u00e5n hur kunderna \u00e4r som personer, huset skall passa dem. Utmaningarna brukar vara att skapa smarta l\u00f6sningar utan att ta yta, att skapa funktion, ljusfl\u00f6den och vyer. Allt ska harmonisera och st\u00e4mma med klimat, milj\u00f6v\u00e4nliga [&hellip;]<\/p>\n","protected":false},"author":1,"featured_media":0,"parent":0,"menu_order":0,"comment_status":"closed","ping_status":"closed","template":"","meta":{"_acf_changed":false,"footnotes":""},"class_list":["post-527","page","type-page","status-publish","hentry"],"acf":[],"yoast_head":"<!-- This site is optimized with the Yoast SEO plugin v26.9 - https:\/\/yoast.com\/product\/yoast-seo-wordpress\/ -->\n<title>Arkitekter - Bohus-villan<\/title>\n<meta name=\"robots\" content=\"index, follow, max-snippet:-1, max-image-preview:large, max-video-preview:-1\" \/>\n<link rel=\"canonical\" href=\"https:\/\/bohus-villan.se\/da\/arkitekter\/\" \/>\n<meta property=\"og:locale\" content=\"da_DK\" \/>\n<meta property=\"og:type\" content=\"article\" \/>\n<meta property=\"og:title\" content=\"Arkitekter - Bohus-villan\" \/>\n<meta property=\"og:description\" content=\"Skapandet &#8211; Fr\u00e5n id\u00e9 till f\u00e4rdig produkt! Processen med kunden \u00e4r rolig, n\u00e4stan allt g\u00e5r att g\u00f6ra! Jag utg\u00e5r alltid fr\u00e5n hur kunderna \u00e4r som personer, huset skall passa dem. Utmaningarna brukar vara att skapa smarta l\u00f6sningar utan att ta yta, att skapa funktion, ljusfl\u00f6den och vyer. Allt ska harmonisera och st\u00e4mma med klimat, milj\u00f6v\u00e4nliga [&hellip;]\" \/>\n<meta property=\"og:url\" content=\"https:\/\/bohus-villan.se\/da\/arkitekter\/\" \/>\n<meta property=\"og:site_name\" content=\"Bohus-villan\" \/>\n<meta property=\"article:modified_time\" content=\"2024-12-22T18:39:19+00:00\" \/>\n<meta property=\"og:image\" content=\"https:\/\/bohus-villan.se\/wp-content\/uploads\/2023\/12\/kenton-knowles-profil1.webp\" \/>\n<meta name=\"twitter:card\" content=\"summary_large_image\" \/>\n<meta name=\"twitter:label1\" content=\"Estimeret l\u00e6setid\" \/>\n\t<meta name=\"twitter:data1\" content=\"1 minut\" \/>\n<script type=\"application\/ld+json\" class=\"yoast-schema-graph\">{\"@context\":\"https:\/\/schema.org\",\"@graph\":[{\"@type\":\"WebPage\",\"@id\":\"https:\/\/bohus-villan.se\/arkitekter\/\",\"url\":\"https:\/\/bohus-villan.se\/arkitekter\/\",\"name\":\"Arkitekter - Bohus-villan\",\"isPartOf\":{\"@id\":\"https:\/\/bohus-villan.se\/#website\"},\"primaryImageOfPage\":{\"@id\":\"https:\/\/bohus-villan.se\/arkitekter\/#primaryimage\"},\"image\":{\"@id\":\"https:\/\/bohus-villan.se\/arkitekter\/#primaryimage\"},\"thumbnailUrl\":\"https:\/\/bohus-villan.se\/wp-content\/uploads\/2023\/12\/kenton-knowles-profil1.webp\",\"datePublished\":\"2023-11-08T17:16:09+00:00\",\"dateModified\":\"2024-12-22T18:39:19+00:00\",\"breadcrumb\":{\"@id\":\"https:\/\/bohus-villan.se\/arkitekter\/#breadcrumb\"},\"inLanguage\":\"da-DK\",\"potentialAction\":[{\"@type\":\"ReadAction\",\"target\":[\"https:\/\/bohus-villan.se\/arkitekter\/\"]}]},{\"@type\":\"ImageObject\",\"inLanguage\":\"da-DK\",\"@id\":\"https:\/\/bohus-villan.se\/arkitekter\/#primaryimage\",\"url\":\"https:\/\/bohus-villan.se\/wp-content\/uploads\/2023\/12\/kenton-knowles-profil1.webp\",\"contentUrl\":\"https:\/\/bohus-villan.se\/wp-content\/uploads\/2023\/12\/kenton-knowles-profil1.webp\"},{\"@type\":\"BreadcrumbList\",\"@id\":\"https:\/\/bohus-villan.se\/arkitekter\/#breadcrumb\",\"itemListElement\":[{\"@type\":\"ListItem\",\"position\":1,\"name\":\"Hem\",\"item\":\"https:\/\/bohus-villan.se\/\"},{\"@type\":\"ListItem\",\"position\":2,\"name\":\"Arkitekter\"}]},{\"@type\":\"WebSite\",\"@id\":\"https:\/\/bohus-villan.se\/#website\",\"url\":\"https:\/\/bohus-villan.se\/\",\"name\":\"Bohus-villan\",\"description\":\"\",\"publisher\":{\"@id\":\"https:\/\/bohus-villan.se\/#organization\"},\"potentialAction\":[{\"@type\":\"SearchAction\",\"target\":{\"@type\":\"EntryPoint\",\"urlTemplate\":\"https:\/\/bohus-villan.se\/?s={search_term_string}\"},\"query-input\":{\"@type\":\"PropertyValueSpecification\",\"valueRequired\":true,\"valueName\":\"search_term_string\"}}],\"inLanguage\":\"da-DK\"},{\"@type\":\"Organization\",\"@id\":\"https:\/\/bohus-villan.se\/#organization\",\"name\":\"Bohus-villan\",\"url\":\"https:\/\/bohus-villan.se\/\",\"logo\":{\"@type\":\"ImageObject\",\"inLanguage\":\"da-DK\",\"@id\":\"https:\/\/bohus-villan.se\/#\/schema\/logo\/image\/\",\"url\":\"https:\/\/bohus-villan.se\/wp-content\/uploads\/2023\/11\/LOGGA-TANSPERANT.png\",\"contentUrl\":\"https:\/\/bohus-villan.se\/wp-content\/uploads\/2023\/11\/LOGGA-TANSPERANT.png\",\"width\":416,\"height\":190,\"caption\":\"Bohus-villan\"},\"image\":{\"@id\":\"https:\/\/bohus-villan.se\/#\/schema\/logo\/image\/\"}}]}<\/script>\n<!-- \/ Yoast SEO plugin. -->","yoast_head_json":{"title":"Arkitekter - Bohus villa","robots":{"index":"index","follow":"follow","max-snippet":"max-snippet:-1","max-image-preview":"max-image-preview:large","max-video-preview":"max-video-preview:-1"},"canonical":"https:\/\/bohus-villan.se\/da\/arkitekter\/","og_locale":"da_DK","og_type":"article","og_title":"Arkitekter - Bohus-villan","og_description":"Skapandet &#8211; Fr\u00e5n id\u00e9 till f\u00e4rdig produkt! Processen med kunden \u00e4r rolig, n\u00e4stan allt g\u00e5r att g\u00f6ra! Jag utg\u00e5r alltid fr\u00e5n hur kunderna \u00e4r som personer, huset skall passa dem. Utmaningarna brukar vara att skapa smarta l\u00f6sningar utan att ta yta, att skapa funktion, ljusfl\u00f6den och vyer. Allt ska harmonisera och st\u00e4mma med klimat, milj\u00f6v\u00e4nliga [&hellip;]","og_url":"https:\/\/bohus-villan.se\/da\/arkitekter\/","og_site_name":"Bohus-villan","article_modified_time":"2024-12-22T18:39:19+00:00","og_image":[{"url":"https:\/\/bohus-villan.se\/wp-content\/uploads\/2023\/12\/kenton-knowles-profil1.webp","type":"","width":"","height":""}],"twitter_card":"summary_large_image","twitter_misc":{"Estimeret l\u00e6setid":"1 minut"},"schema":{"@context":"https:\/\/schema.org","@graph":[{"@type":"WebPage","@id":"https:\/\/bohus-villan.se\/arkitekter\/","url":"https:\/\/bohus-villan.se\/arkitekter\/","name":"Arkitekter - Bohus villa","isPartOf":{"@id":"https:\/\/bohus-villan.se\/#website"},"primaryImageOfPage":{"@id":"https:\/\/bohus-villan.se\/arkitekter\/#primaryimage"},"image":{"@id":"https:\/\/bohus-villan.se\/arkitekter\/#primaryimage"},"thumbnailUrl":"https:\/\/bohus-villan.se\/wp-content\/uploads\/2023\/12\/kenton-knowles-profil1.webp","datePublished":"2023-11-08T17:16:09+00:00","dateModified":"2024-12-22T18:39:19+00:00","breadcrumb":{"@id":"https:\/\/bohus-villan.se\/arkitekter\/#breadcrumb"},"inLanguage":"da-DK","potentialAction":[{"@type":"ReadAction","target":["https:\/\/bohus-villan.se\/arkitekter\/"]}]},{"@type":"ImageObject","inLanguage":"da-DK","@id":"https:\/\/bohus-villan.se\/arkitekter\/#primaryimage","url":"https:\/\/bohus-villan.se\/wp-content\/uploads\/2023\/12\/kenton-knowles-profil1.webp","contentUrl":"https:\/\/bohus-villan.se\/wp-content\/uploads\/2023\/12\/kenton-knowles-profil1.webp"},{"@type":"BreadcrumbList","@id":"https:\/\/bohus-villan.se\/arkitekter\/#breadcrumb","itemListElement":[{"@type":"ListItem","position":1,"name":"Hem","item":"https:\/\/bohus-villan.se\/"},{"@type":"ListItem","position":2,"name":"Arkitekter"}]},{"@type":"WebSite","@id":"https:\/\/bohus-villan.se\/#website","url":"https:\/\/bohus-villan.se\/","name":"Bohus villa","description":"","publisher":{"@id":"https:\/\/bohus-villan.se\/#organization"},"potentialAction":[{"@type":"SearchAction","target":{"@type":"EntryPoint","urlTemplate":"https:\/\/bohus-villan.se\/?s={search_term_string}"},"query-input":{"@type":"PropertyValueSpecification","valueRequired":true,"valueName":"search_term_string"}}],"inLanguage":"da-DK"},{"@type":"Organization","@id":"https:\/\/bohus-villan.se\/#organization","name":"Bohus villa","url":"https:\/\/bohus-villan.se\/","logo":{"@type":"ImageObject","inLanguage":"da-DK","@id":"https:\/\/bohus-villan.se\/#\/schema\/logo\/image\/","url":"https:\/\/bohus-villan.se\/wp-content\/uploads\/2023\/11\/LOGGA-TANSPERANT.png","contentUrl":"https:\/\/bohus-villan.se\/wp-content\/uploads\/2023\/11\/LOGGA-TANSPERANT.png","width":416,"height":190,"caption":"Bohus-villan"},"image":{"@id":"https:\/\/bohus-villan.se\/#\/schema\/logo\/image\/"}}]}},"_links":{"self":[{"href":"https:\/\/bohus-villan.se\/da\/wp-json\/wp\/v2\/pages\/527","targetHints":{"allow":["GET"]}}],"collection":[{"href":"https:\/\/bohus-villan.se\/da\/wp-json\/wp\/v2\/pages"}],"about":[{"href":"https:\/\/bohus-villan.se\/da\/wp-json\/wp\/v2\/types\/page"}],"author":[{"embeddable":true,"href":"https:\/\/bohus-villan.se\/da\/wp-json\/wp\/v2\/users\/1"}],"replies":[{"embeddable":true,"href":"https:\/\/bohus-villan.se\/da\/wp-json\/wp\/v2\/comments?post=527"}],"version-history":[{"count":10,"href":"https:\/\/bohus-villan.se\/da\/wp-json\/wp\/v2\/pages\/527\/revisions"}],"predecessor-version":[{"id":1761,"href":"https:\/\/bohus-villan.se\/da\/wp-json\/wp\/v2\/pages\/527\/revisions\/1761"}],"wp:attachment":[{"href":"https:\/\/bohus-villan.se\/da\/wp-json\/wp\/v2\/media?parent=527"}],"curies":[{"name":"wp","href":"https:\/\/api.w.org\/{rel}","templated":true}]}}