{"id":528,"date":"2023-11-08T17:16:09","date_gmt":"2023-11-08T17:16:09","guid":{"rendered":"https:\/\/bohus.cilla.enson.se\/?page_id=528"},"modified":"2024-01-17T09:06:49","modified_gmt":"2024-01-17T09:06:49","slug":"customised-houses","status":"publish","type":"page","link":"https:\/\/bohus-villan.se\/en\/customised-houses\/","title":{"rendered":"Customised houses"},"content":{"rendered":"<div data-elementor-type=\"wp-page\" data-elementor-id=\"528\" class=\"elementor elementor-528\" data-elementor-post-type=\"page\">\n\t\t\t\t<div class=\"has_ae_slider elementor-element elementor-element-3ee23c6 e-flex e-con-boxed ae-bg-gallery-type-default e-con e-parent\" data-id=\"3ee23c6\" data-element_type=\"container\" data-e-type=\"container\">\n\t\t\t\t\t<div class=\"e-con-inner\">\n\t\t\t\t<div class=\"elementor-element elementor-element-2227190 elementor-widget elementor-widget-heading\" data-id=\"2227190\" data-element_type=\"widget\" data-e-type=\"widget\" data-widget_type=\"heading.default\">\n\t\t\t\t<div class=\"elementor-widget-container\">\n\t\t\t\t\t<h2 class=\"elementor-heading-title elementor-size-default\">We will help you!<\/h2>\t\t\t\t<\/div>\n\t\t\t\t<\/div>\n\t\t\t\t<div class=\"elementor-element elementor-element-614b8af elementor-widget elementor-widget-text-editor\" data-id=\"614b8af\" data-element_type=\"widget\" data-e-type=\"widget\" data-widget_type=\"text-editor.default\">\n\t\t\t\t<div class=\"elementor-widget-container\">\n\t\t\t\t\t\t\t\t\t<p>Do you have your own dreams, a unique house that you want to build? <strong>We will help you!<\/strong> Take a look at some of the houses that we have built according to our customers' wishes. <br \/><br \/><strong>If you don't have a ready-made idea<\/strong> we help you with drawings, tips and ideas to realise your wishes!<\/p>\t\t\t\t\t\t\t\t<\/div>\n\t\t\t\t<\/div>\n\t\t\t\t\t<\/div>\n\t\t\t\t<\/div>\n\t\t<div class=\"has_ae_slider elementor-element elementor-element-868f2a0 e-flex e-con-boxed ae-bg-gallery-type-default e-con e-parent\" data-id=\"868f2a0\" data-element_type=\"container\" data-e-type=\"container\" data-settings=\"{&quot;background_background&quot;:&quot;classic&quot;}\">\n\t\t\t\t\t<div class=\"e-con-inner\">\n\t\t<div class=\"has_ae_slider elementor-element elementor-element-e0a3c93 e-flex e-con-boxed ae-bg-gallery-type-default e-con e-child\" data-id=\"e0a3c93\" data-element_type=\"container\" data-e-type=\"container\" data-settings=\"{&quot;background_background&quot;:&quot;classic&quot;}\">\n\t\t\t\t\t<div class=\"e-con-inner\">\n\t\t\t\t<div class=\"elementor-element elementor-element-03e285e elementor-widget elementor-widget-gallery\" data-id=\"03e285e\" data-element_type=\"widget\" data-e-type=\"widget\" data-settings=\"{&quot;gallery_layout&quot;:&quot;masonry&quot;,&quot;lazyload&quot;:&quot;yes&quot;,&quot;columns&quot;:4,&quot;columns_tablet&quot;:2,&quot;columns_mobile&quot;:1,&quot;gap&quot;:{&quot;unit&quot;:&quot;px&quot;,&quot;size&quot;:10,&quot;sizes&quot;:[]},&quot;gap_laptop&quot;:{&quot;unit&quot;:&quot;px&quot;,&quot;size&quot;:10,&quot;sizes&quot;:[]},&quot;gap_tablet&quot;:{&quot;unit&quot;:&quot;px&quot;,&quot;size&quot;:10,&quot;sizes&quot;:[]},&quot;gap_mobile&quot;:{&quot;unit&quot;:&quot;px&quot;,&quot;size&quot;:10,&quot;sizes&quot;:[]},&quot;link_to&quot;:&quot;file&quot;,&quot;show_all_galleries&quot;:&quot;yes&quot;,&quot;overlay_background&quot;:&quot;yes&quot;,&quot;content_hover_animation&quot;:&quot;fade-in&quot;}\" data-widget_type=\"gallery.default\">\n\t\t\t\t<div class=\"elementor-widget-container\">\n\t\t\t\t\t\t\t\t<div class=\"elementor-gallery__titles-container e--pointer-text e--animation-float\" aria-label=\"Gallery filter\">\n\t\t\t\t\t\t\t\t\t<a class=\"elementor-item elementor-gallery-title\" role=\"button\" tabindex=\"0\" data-gallery-index=\"all\">\n\t\t\t\t\t\tSee all images\t\t\t\t\t<\/a>\n\t\t\t\t\n\t\t\t\t\t\t\t\t\t<a class=\"elementor-item elementor-gallery-title\" role=\"button\" tabindex=\"0\" data-gallery-index=\"0\">\n\t\t\t\t\t\tBovallstrand\t\t\t\t\t<\/a>\n\t\t\t\t\t\t\t\t\t\t<a class=\"elementor-item elementor-gallery-title\" role=\"button\" tabindex=\"0\" data-gallery-index=\"1\">\n\t\t\t\t\t\tSote channels\t\t\t\t\t<\/a>\n\t\t\t\t\t\t\t\t<\/div>\n\t\t\t\t\t<div class=\"elementor-gallery__container\">\n\t\t\t\t\t\t\t<a class=\"e-gallery-item elementor-gallery-item elementor-animated-content\" data-e-gallery-tags=\"0\" href=\"https:\/\/bohus-villan.se\/wp-content\/uploads\/2023\/12\/Bovallstrand_0531-768x512-1.webp\" data-elementor-open-lightbox=\"yes\" data-elementor-lightbox-slideshow=\"03e285e\" data-elementor-lightbox-title=\"Bovallstrand_0531-768x512\" data-e-action-hash=\"#elementor-action%3Aaction%3Dlightbox%26settings%3DeyJpZCI6MTIzNiwidXJsIjoiaHR0cHM6XC9cL2JvaHVzLXZpbGxhbi5zZVwvd3AtY29udGVudFwvdXBsb2Fkc1wvMjAyM1wvMTJcL0JvdmFsbHN0cmFuZF8wNTMxLTc2OHg1MTItMS53ZWJwIiwic2xpZGVzaG93IjoiMDNlMjg1ZSJ9\">\n\t\t\t\t\t<div class=\"e-gallery-image elementor-gallery-item__image\" data-thumbnail=\"https:\/\/bohus-villan.se\/wp-content\/uploads\/2023\/12\/Bovallstrand_0531-768x512-1.webp\" data-width=\"768\" data-height=\"512\" aria-label=\"\" role=\"img\" ><\/div>\n\t\t\t\t\t\t\t\t\t\t\t<div class=\"elementor-gallery-item__overlay\"><\/div>\n\t\t\t\t\t\t\t\t\t\t\t\t\t\t<\/a>\n\t\t\t\t\t\t\t<a class=\"e-gallery-item elementor-gallery-item elementor-animated-content\" data-e-gallery-tags=\"0\" href=\"https:\/\/bohus-villan.se\/wp-content\/uploads\/2023\/12\/Bovallstrand_0526-768x512-1.webp\" data-elementor-open-lightbox=\"yes\" data-elementor-lightbox-slideshow=\"03e285e\" data-elementor-lightbox-title=\"Bovallstrand_0526-768x512\" data-e-action-hash=\"#elementor-action%3Aaction%3Dlightbox%26settings%3DeyJpZCI6MTIzNywidXJsIjoiaHR0cHM6XC9cL2JvaHVzLXZpbGxhbi5zZVwvd3AtY29udGVudFwvdXBsb2Fkc1wvMjAyM1wvMTJcL0JvdmFsbHN0cmFuZF8wNTI2LTc2OHg1MTItMS53ZWJwIiwic2xpZGVzaG93IjoiMDNlMjg1ZSJ9\">\n\t\t\t\t\t<div class=\"e-gallery-image elementor-gallery-item__image\" data-thumbnail=\"https:\/\/bohus-villan.se\/wp-content\/uploads\/2023\/12\/Bovallstrand_0526-768x512-1.webp\" data-width=\"768\" data-height=\"512\" aria-label=\"\" role=\"img\" ><\/div>\n\t\t\t\t\t\t\t\t\t\t\t<div class=\"elementor-gallery-item__overlay\"><\/div>\n\t\t\t\t\t\t\t\t\t\t\t\t\t\t<\/a>\n\t\t\t\t\t\t\t<a class=\"e-gallery-item elementor-gallery-item elementor-animated-content\" data-e-gallery-tags=\"0\" href=\"https:\/\/bohus-villan.se\/wp-content\/uploads\/2023\/12\/Bovallstrand_0524-768x512-1.webp\" data-elementor-open-lightbox=\"yes\" data-elementor-lightbox-slideshow=\"03e285e\" data-elementor-lightbox-title=\"Bovallstrand_0524-768x512\" data-e-action-hash=\"#elementor-action%3Aaction%3Dlightbox%26settings%3DeyJpZCI6MTIzOCwidXJsIjoiaHR0cHM6XC9cL2JvaHVzLXZpbGxhbi5zZVwvd3AtY29udGVudFwvdXBsb2Fkc1wvMjAyM1wvMTJcL0JvdmFsbHN0cmFuZF8wNTI0LTc2OHg1MTItMS53ZWJwIiwic2xpZGVzaG93IjoiMDNlMjg1ZSJ9\">\n\t\t\t\t\t<div class=\"e-gallery-image elementor-gallery-item__image\" data-thumbnail=\"https:\/\/bohus-villan.se\/wp-content\/uploads\/2023\/12\/Bovallstrand_0524-768x512-1.webp\" data-width=\"768\" data-height=\"512\" aria-label=\"\" role=\"img\" ><\/div>\n\t\t\t\t\t\t\t\t\t\t\t<div class=\"elementor-gallery-item__overlay\"><\/div>\n\t\t\t\t\t\t\t\t\t\t\t\t\t\t<\/a>\n\t\t\t\t\t\t\t<a class=\"e-gallery-item elementor-gallery-item elementor-animated-content\" data-e-gallery-tags=\"0\" href=\"https:\/\/bohus-villan.se\/wp-content\/uploads\/2023\/12\/Bovallstrand_0523-768x512-1.webp\" data-elementor-open-lightbox=\"yes\" data-elementor-lightbox-slideshow=\"03e285e\" data-elementor-lightbox-title=\"Bovallstrand_0523-768x512\" data-e-action-hash=\"#elementor-action%3Aaction%3Dlightbox%26settings%3DeyJpZCI6MTIzOSwidXJsIjoiaHR0cHM6XC9cL2JvaHVzLXZpbGxhbi5zZVwvd3AtY29udGVudFwvdXBsb2Fkc1wvMjAyM1wvMTJcL0JvdmFsbHN0cmFuZF8wNTIzLTc2OHg1MTItMS53ZWJwIiwic2xpZGVzaG93IjoiMDNlMjg1ZSJ9\">\n\t\t\t\t\t<div class=\"e-gallery-image elementor-gallery-item__image\" data-thumbnail=\"https:\/\/bohus-villan.se\/wp-content\/uploads\/2023\/12\/Bovallstrand_0523-768x512-1.webp\" data-width=\"768\" data-height=\"512\" aria-label=\"\" role=\"img\" ><\/div>\n\t\t\t\t\t\t\t\t\t\t\t<div class=\"elementor-gallery-item__overlay\"><\/div>\n\t\t\t\t\t\t\t\t\t\t\t\t\t\t<\/a>\n\t\t\t\t\t\t\t<a class=\"e-gallery-item elementor-gallery-item elementor-animated-content\" data-e-gallery-tags=\"0\" href=\"https:\/\/bohus-villan.se\/wp-content\/uploads\/2023\/12\/Bovallstrand_0529-768x512-1.webp\" data-elementor-open-lightbox=\"yes\" data-elementor-lightbox-slideshow=\"03e285e\" data-elementor-lightbox-title=\"Bovallstrand_0529-768x512\" data-e-action-hash=\"#elementor-action%3Aaction%3Dlightbox%26settings%3DeyJpZCI6MTI0MCwidXJsIjoiaHR0cHM6XC9cL2JvaHVzLXZpbGxhbi5zZVwvd3AtY29udGVudFwvdXBsb2Fkc1wvMjAyM1wvMTJcL0JvdmFsbHN0cmFuZF8wNTI5LTc2OHg1MTItMS53ZWJwIiwic2xpZGVzaG93IjoiMDNlMjg1ZSJ9\">\n\t\t\t\t\t<div class=\"e-gallery-image elementor-gallery-item__image\" data-thumbnail=\"https:\/\/bohus-villan.se\/wp-content\/uploads\/2023\/12\/Bovallstrand_0529-768x512-1.webp\" data-width=\"768\" data-height=\"512\" aria-label=\"\" role=\"img\" ><\/div>\n\t\t\t\t\t\t\t\t\t\t\t<div class=\"elementor-gallery-item__overlay\"><\/div>\n\t\t\t\t\t\t\t\t\t\t\t\t\t\t<\/a>\n\t\t\t\t\t\t\t<a class=\"e-gallery-item elementor-gallery-item elementor-animated-content\" data-e-gallery-tags=\"0\" href=\"https:\/\/bohus-villan.se\/wp-content\/uploads\/2023\/12\/Bovallstrand_0530.webp\" data-elementor-open-lightbox=\"yes\" data-elementor-lightbox-slideshow=\"03e285e\" data-elementor-lightbox-title=\"Bovallstrand_0530\" data-e-action-hash=\"#elementor-action%3Aaction%3Dlightbox%26settings%3DeyJpZCI6MTI0MSwidXJsIjoiaHR0cHM6XC9cL2JvaHVzLXZpbGxhbi5zZVwvd3AtY29udGVudFwvdXBsb2Fkc1wvMjAyM1wvMTJcL0JvdmFsbHN0cmFuZF8wNTMwLndlYnAiLCJzbGlkZXNob3ciOiIwM2UyODVlIn0%3D\">\n\t\t\t\t\t<div class=\"e-gallery-image elementor-gallery-item__image\" data-thumbnail=\"https:\/\/bohus-villan.se\/wp-content\/uploads\/2023\/12\/Bovallstrand_0530.webp\" data-width=\"1500\" data-height=\"1000\" aria-label=\"\" role=\"img\" ><\/div>\n\t\t\t\t\t\t\t\t\t\t\t<div class=\"elementor-gallery-item__overlay\"><\/div>\n\t\t\t\t\t\t\t\t\t\t\t\t\t\t<\/a>\n\t\t\t\t\t\t\t<a class=\"e-gallery-item elementor-gallery-item elementor-animated-content\" data-e-gallery-tags=\"1\" href=\"https:\/\/bohus-villan.se\/wp-content\/uploads\/2023\/12\/Sotekanalen_0001-1.webp\" data-elementor-open-lightbox=\"yes\" data-elementor-lightbox-slideshow=\"03e285e\" data-elementor-lightbox-title=\"Sotekanalen_0001-1\" data-e-action-hash=\"#elementor-action%3Aaction%3Dlightbox%26settings%3DeyJpZCI6MTI0OSwidXJsIjoiaHR0cHM6XC9cL2JvaHVzLXZpbGxhbi5zZVwvd3AtY29udGVudFwvdXBsb2Fkc1wvMjAyM1wvMTJcL1NvdGVrYW5hbGVuXzAwMDEtMS53ZWJwIiwic2xpZGVzaG93IjoiMDNlMjg1ZSJ9\">\n\t\t\t\t\t<div class=\"e-gallery-image elementor-gallery-item__image\" data-thumbnail=\"https:\/\/bohus-villan.se\/wp-content\/uploads\/2023\/12\/Sotekanalen_0001-1.webp\" data-width=\"1500\" data-height=\"1000\" aria-label=\"\" role=\"img\" ><\/div>\n\t\t\t\t\t\t\t\t\t\t\t<div class=\"elementor-gallery-item__overlay\"><\/div>\n\t\t\t\t\t\t\t\t\t\t\t\t\t\t<\/a>\n\t\t\t\t\t\t\t<a class=\"e-gallery-item elementor-gallery-item elementor-animated-content\" data-e-gallery-tags=\"1\" href=\"https:\/\/bohus-villan.se\/wp-content\/uploads\/2023\/12\/Sotekanalen_0468-768x512-1.webp\" data-elementor-open-lightbox=\"yes\" data-elementor-lightbox-slideshow=\"03e285e\" data-elementor-lightbox-title=\"Sotekanalen_0468-768x512\" data-e-action-hash=\"#elementor-action%3Aaction%3Dlightbox%26settings%3DeyJpZCI6MTI0MiwidXJsIjoiaHR0cHM6XC9cL2JvaHVzLXZpbGxhbi5zZVwvd3AtY29udGVudFwvdXBsb2Fkc1wvMjAyM1wvMTJcL1NvdGVrYW5hbGVuXzA0NjgtNzY4eDUxMi0xLndlYnAiLCJzbGlkZXNob3ciOiIwM2UyODVlIn0%3D\">\n\t\t\t\t\t<div class=\"e-gallery-image elementor-gallery-item__image\" data-thumbnail=\"https:\/\/bohus-villan.se\/wp-content\/uploads\/2023\/12\/Sotekanalen_0468-768x512-1.webp\" data-width=\"768\" data-height=\"512\" aria-label=\"\" role=\"img\" ><\/div>\n\t\t\t\t\t\t\t\t\t\t\t<div class=\"elementor-gallery-item__overlay\"><\/div>\n\t\t\t\t\t\t\t\t\t\t\t\t\t\t<\/a>\n\t\t\t\t\t\t\t<a class=\"e-gallery-item elementor-gallery-item elementor-animated-content\" data-e-gallery-tags=\"1\" href=\"https:\/\/bohus-villan.se\/wp-content\/uploads\/2023\/12\/Sotekanalen_0469-768x512-1.webp\" data-elementor-open-lightbox=\"yes\" data-elementor-lightbox-slideshow=\"03e285e\" data-elementor-lightbox-title=\"Sotekanalen_0469-768x512\" data-e-action-hash=\"#elementor-action%3Aaction%3Dlightbox%26settings%3DeyJpZCI6MTI0MywidXJsIjoiaHR0cHM6XC9cL2JvaHVzLXZpbGxhbi5zZVwvd3AtY29udGVudFwvdXBsb2Fkc1wvMjAyM1wvMTJcL1NvdGVrYW5hbGVuXzA0NjktNzY4eDUxMi0xLndlYnAiLCJzbGlkZXNob3ciOiIwM2UyODVlIn0%3D\">\n\t\t\t\t\t<div class=\"e-gallery-image elementor-gallery-item__image\" data-thumbnail=\"https:\/\/bohus-villan.se\/wp-content\/uploads\/2023\/12\/Sotekanalen_0469-768x512-1.webp\" data-width=\"768\" data-height=\"512\" aria-label=\"\" role=\"img\" ><\/div>\n\t\t\t\t\t\t\t\t\t\t\t<div class=\"elementor-gallery-item__overlay\"><\/div>\n\t\t\t\t\t\t\t\t\t\t\t\t\t\t<\/a>\n\t\t\t\t\t\t\t<a class=\"e-gallery-item elementor-gallery-item elementor-animated-content\" data-e-gallery-tags=\"1\" href=\"https:\/\/bohus-villan.se\/wp-content\/uploads\/2023\/12\/Sotekanalen_0486-768x512-1.webp\" data-elementor-open-lightbox=\"yes\" data-elementor-lightbox-slideshow=\"03e285e\" data-elementor-lightbox-title=\"Sotekanalen_0486-768x512\" data-e-action-hash=\"#elementor-action%3Aaction%3Dlightbox%26settings%3DeyJpZCI6MTI0NCwidXJsIjoiaHR0cHM6XC9cL2JvaHVzLXZpbGxhbi5zZVwvd3AtY29udGVudFwvdXBsb2Fkc1wvMjAyM1wvMTJcL1NvdGVrYW5hbGVuXzA0ODYtNzY4eDUxMi0xLndlYnAiLCJzbGlkZXNob3ciOiIwM2UyODVlIn0%3D\">\n\t\t\t\t\t<div class=\"e-gallery-image elementor-gallery-item__image\" data-thumbnail=\"https:\/\/bohus-villan.se\/wp-content\/uploads\/2023\/12\/Sotekanalen_0486-768x512-1.webp\" data-width=\"768\" data-height=\"512\" aria-label=\"\" role=\"img\" ><\/div>\n\t\t\t\t\t\t\t\t\t\t\t<div class=\"elementor-gallery-item__overlay\"><\/div>\n\t\t\t\t\t\t\t\t\t\t\t\t\t\t<\/a>\n\t\t\t\t\t\t\t<a class=\"e-gallery-item elementor-gallery-item elementor-animated-content\" data-e-gallery-tags=\"1\" href=\"https:\/\/bohus-villan.se\/wp-content\/uploads\/2023\/12\/Sotekanalen_0470-768x512-1.webp\" data-elementor-open-lightbox=\"yes\" data-elementor-lightbox-slideshow=\"03e285e\" data-elementor-lightbox-title=\"Sotekanalen_0470-768x512\" data-e-action-hash=\"#elementor-action%3Aaction%3Dlightbox%26settings%3DeyJpZCI6MTI0NSwidXJsIjoiaHR0cHM6XC9cL2JvaHVzLXZpbGxhbi5zZVwvd3AtY29udGVudFwvdXBsb2Fkc1wvMjAyM1wvMTJcL1NvdGVrYW5hbGVuXzA0NzAtNzY4eDUxMi0xLndlYnAiLCJzbGlkZXNob3ciOiIwM2UyODVlIn0%3D\">\n\t\t\t\t\t<div class=\"e-gallery-image elementor-gallery-item__image\" data-thumbnail=\"https:\/\/bohus-villan.se\/wp-content\/uploads\/2023\/12\/Sotekanalen_0470-768x512-1.webp\" data-width=\"768\" data-height=\"512\" aria-label=\"\" role=\"img\" ><\/div>\n\t\t\t\t\t\t\t\t\t\t\t<div class=\"elementor-gallery-item__overlay\"><\/div>\n\t\t\t\t\t\t\t\t\t\t\t\t\t\t<\/a>\n\t\t\t\t\t\t\t<a class=\"e-gallery-item elementor-gallery-item elementor-animated-content\" data-e-gallery-tags=\"1\" href=\"https:\/\/bohus-villan.se\/wp-content\/uploads\/2023\/12\/Sotekanalen_0467-768x512-1.webp\" data-elementor-open-lightbox=\"yes\" data-elementor-lightbox-slideshow=\"03e285e\" data-elementor-lightbox-title=\"Sotekanalen_0467-768x512\" data-e-action-hash=\"#elementor-action%3Aaction%3Dlightbox%26settings%3DeyJpZCI6MTI0NiwidXJsIjoiaHR0cHM6XC9cL2JvaHVzLXZpbGxhbi5zZVwvd3AtY29udGVudFwvdXBsb2Fkc1wvMjAyM1wvMTJcL1NvdGVrYW5hbGVuXzA0NjctNzY4eDUxMi0xLndlYnAiLCJzbGlkZXNob3ciOiIwM2UyODVlIn0%3D\">\n\t\t\t\t\t<div class=\"e-gallery-image elementor-gallery-item__image\" data-thumbnail=\"https:\/\/bohus-villan.se\/wp-content\/uploads\/2023\/12\/Sotekanalen_0467-768x512-1.webp\" data-width=\"768\" data-height=\"512\" aria-label=\"\" role=\"img\" ><\/div>\n\t\t\t\t\t\t\t\t\t\t\t<div class=\"elementor-gallery-item__overlay\"><\/div>\n\t\t\t\t\t\t\t\t\t\t\t\t\t\t<\/a>\n\t\t\t\t\t\t\t<a class=\"e-gallery-item elementor-gallery-item elementor-animated-content\" data-e-gallery-tags=\"1\" href=\"https:\/\/bohus-villan.se\/wp-content\/uploads\/2023\/12\/Sotekanalen_0461-768x512-1.webp\" data-elementor-open-lightbox=\"yes\" data-elementor-lightbox-slideshow=\"03e285e\" data-elementor-lightbox-title=\"Sotekanalen_0461-768x512\" data-e-action-hash=\"#elementor-action%3Aaction%3Dlightbox%26settings%3DeyJpZCI6MTI0NywidXJsIjoiaHR0cHM6XC9cL2JvaHVzLXZpbGxhbi5zZVwvd3AtY29udGVudFwvdXBsb2Fkc1wvMjAyM1wvMTJcL1NvdGVrYW5hbGVuXzA0NjEtNzY4eDUxMi0xLndlYnAiLCJzbGlkZXNob3ciOiIwM2UyODVlIn0%3D\">\n\t\t\t\t\t<div class=\"e-gallery-image elementor-gallery-item__image\" data-thumbnail=\"https:\/\/bohus-villan.se\/wp-content\/uploads\/2023\/12\/Sotekanalen_0461-768x512-1.webp\" data-width=\"768\" data-height=\"512\" aria-label=\"\" role=\"img\" ><\/div>\n\t\t\t\t\t\t\t\t\t\t\t<div class=\"elementor-gallery-item__overlay\"><\/div>\n\t\t\t\t\t\t\t\t\t\t\t\t\t\t<\/a>\n\t\t\t\t\t\t\t<a class=\"e-gallery-item elementor-gallery-item elementor-animated-content\" data-e-gallery-tags=\"1\" href=\"https:\/\/bohus-villan.se\/wp-content\/uploads\/2023\/12\/Sotekanalen_0462-768x512-1.webp\" data-elementor-open-lightbox=\"yes\" data-elementor-lightbox-slideshow=\"03e285e\" data-elementor-lightbox-title=\"Sotekanalen_0462-768x512\" data-e-action-hash=\"#elementor-action%3Aaction%3Dlightbox%26settings%3DeyJpZCI6MTI0OCwidXJsIjoiaHR0cHM6XC9cL2JvaHVzLXZpbGxhbi5zZVwvd3AtY29udGVudFwvdXBsb2Fkc1wvMjAyM1wvMTJcL1NvdGVrYW5hbGVuXzA0NjItNzY4eDUxMi0xLndlYnAiLCJzbGlkZXNob3ciOiIwM2UyODVlIn0%3D\">\n\t\t\t\t\t<div class=\"e-gallery-image elementor-gallery-item__image\" data-thumbnail=\"https:\/\/bohus-villan.se\/wp-content\/uploads\/2023\/12\/Sotekanalen_0462-768x512-1.webp\" data-width=\"768\" data-height=\"512\" aria-label=\"\" role=\"img\" ><\/div>\n\t\t\t\t\t\t\t\t\t\t\t<div class=\"elementor-gallery-item__overlay\"><\/div>\n\t\t\t\t\t\t\t\t\t\t\t\t\t\t<\/a>\n\t\t\t\t\t<\/div>\n\t\t\t\t\t<\/div>\n\t\t\t\t<\/div>\n\t\t\t\t\t<\/div>\n\t\t\t\t<\/div>\n\t\t\t\t\t<\/div>\n\t\t\t\t<\/div>\n\t\t\t\t<\/div>","protected":false},"excerpt":{"rendered":"<p>We will help you! Do you have your own dreams, a unique house you want to build? We will help you! Take a look at some of the houses we have built according to our customers' wishes. If you do not have a ready-made idea, we will help you with drawings, tips and ideas to realise your wishes! See all pictures Bovallstrand Sotekanalen<\/p>","protected":false},"author":1,"featured_media":0,"parent":0,"menu_order":0,"comment_status":"closed","ping_status":"closed","template":"","meta":{"_acf_changed":false,"footnotes":""},"class_list":["post-528","page","type-page","status-publish","hentry"],"acf":[],"yoast_head":"<!-- This site is optimized with the Yoast SEO plugin v26.9 - https:\/\/yoast.com\/product\/yoast-seo-wordpress\/ -->\n<title>Kundanpassade hus - Bohus-villan<\/title>\n<meta name=\"robots\" content=\"index, follow, max-snippet:-1, max-image-preview:large, max-video-preview:-1\" \/>\n<link rel=\"canonical\" href=\"https:\/\/bohus-villan.se\/en\/customised-houses\/\" \/>\n<meta property=\"og:locale\" content=\"en_GB\" \/>\n<meta property=\"og:type\" content=\"article\" \/>\n<meta property=\"og:title\" content=\"Kundanpassade hus - Bohus-villan\" \/>\n<meta property=\"og:description\" content=\"Vi hj\u00e4lper dig! Har du egna dr\u00f6mmar, ett unikt hus som du vill bygga? Vi hj\u00e4lper dig! Kika p\u00e5 n\u00e5gra av de hus som vi byggt utefter kundens \u00f6nskem\u00e5l. Har du ingen f\u00e4rdig id\u00e9 s\u00e5 hj\u00e4lper vi dig med ritningar, tips och id\u00e9er f\u00f6r att f\u00f6rverkliga dina \u00f6nskningar! Se alla bilder Bovallstrand Sotekanalen\" \/>\n<meta property=\"og:url\" content=\"https:\/\/bohus-villan.se\/en\/customised-houses\/\" \/>\n<meta property=\"og:site_name\" content=\"Bohus-villan\" \/>\n<meta property=\"article:modified_time\" content=\"2024-01-17T09:06:49+00:00\" \/>\n<meta name=\"twitter:card\" content=\"summary_large_image\" \/>\n<script type=\"application\/ld+json\" class=\"yoast-schema-graph\">{\"@context\":\"https:\/\/schema.org\",\"@graph\":[{\"@type\":\"WebPage\",\"@id\":\"https:\/\/bohus-villan.se\/kundanpassade-hus\/\",\"url\":\"https:\/\/bohus-villan.se\/kundanpassade-hus\/\",\"name\":\"Kundanpassade hus - Bohus-villan\",\"isPartOf\":{\"@id\":\"https:\/\/bohus-villan.se\/#website\"},\"datePublished\":\"2023-11-08T17:16:09+00:00\",\"dateModified\":\"2024-01-17T09:06:49+00:00\",\"breadcrumb\":{\"@id\":\"https:\/\/bohus-villan.se\/kundanpassade-hus\/#breadcrumb\"},\"inLanguage\":\"en-GB\",\"potentialAction\":[{\"@type\":\"ReadAction\",\"target\":[\"https:\/\/bohus-villan.se\/kundanpassade-hus\/\"]}]},{\"@type\":\"BreadcrumbList\",\"@id\":\"https:\/\/bohus-villan.se\/kundanpassade-hus\/#breadcrumb\",\"itemListElement\":[{\"@type\":\"ListItem\",\"position\":1,\"name\":\"Hem\",\"item\":\"https:\/\/bohus-villan.se\/\"},{\"@type\":\"ListItem\",\"position\":2,\"name\":\"Kundanpassade hus\"}]},{\"@type\":\"WebSite\",\"@id\":\"https:\/\/bohus-villan.se\/#website\",\"url\":\"https:\/\/bohus-villan.se\/\",\"name\":\"Bohus-villan\",\"description\":\"\",\"publisher\":{\"@id\":\"https:\/\/bohus-villan.se\/#organization\"},\"potentialAction\":[{\"@type\":\"SearchAction\",\"target\":{\"@type\":\"EntryPoint\",\"urlTemplate\":\"https:\/\/bohus-villan.se\/?s={search_term_string}\"},\"query-input\":{\"@type\":\"PropertyValueSpecification\",\"valueRequired\":true,\"valueName\":\"search_term_string\"}}],\"inLanguage\":\"en-GB\"},{\"@type\":\"Organization\",\"@id\":\"https:\/\/bohus-villan.se\/#organization\",\"name\":\"Bohus-villan\",\"url\":\"https:\/\/bohus-villan.se\/\",\"logo\":{\"@type\":\"ImageObject\",\"inLanguage\":\"en-GB\",\"@id\":\"https:\/\/bohus-villan.se\/#\/schema\/logo\/image\/\",\"url\":\"https:\/\/bohus-villan.se\/wp-content\/uploads\/2023\/11\/LOGGA-TANSPERANT.png\",\"contentUrl\":\"https:\/\/bohus-villan.se\/wp-content\/uploads\/2023\/11\/LOGGA-TANSPERANT.png\",\"width\":416,\"height\":190,\"caption\":\"Bohus-villan\"},\"image\":{\"@id\":\"https:\/\/bohus-villan.se\/#\/schema\/logo\/image\/\"}}]}<\/script>\n<!-- \/ Yoast SEO plugin. -->","yoast_head_json":{"title":"Customised houses - Bohus-villan","robots":{"index":"index","follow":"follow","max-snippet":"max-snippet:-1","max-image-preview":"max-image-preview:large","max-video-preview":"max-video-preview:-1"},"canonical":"https:\/\/bohus-villan.se\/en\/customised-houses\/","og_locale":"en_GB","og_type":"article","og_title":"Kundanpassade hus - Bohus-villan","og_description":"Vi hj\u00e4lper dig! Har du egna dr\u00f6mmar, ett unikt hus som du vill bygga? Vi hj\u00e4lper dig! Kika p\u00e5 n\u00e5gra av de hus som vi byggt utefter kundens \u00f6nskem\u00e5l. Har du ingen f\u00e4rdig id\u00e9 s\u00e5 hj\u00e4lper vi dig med ritningar, tips och id\u00e9er f\u00f6r att f\u00f6rverkliga dina \u00f6nskningar! Se alla bilder Bovallstrand Sotekanalen","og_url":"https:\/\/bohus-villan.se\/en\/customised-houses\/","og_site_name":"Bohus-villan","article_modified_time":"2024-01-17T09:06:49+00:00","twitter_card":"summary_large_image","schema":{"@context":"https:\/\/schema.org","@graph":[{"@type":"WebPage","@id":"https:\/\/bohus-villan.se\/kundanpassade-hus\/","url":"https:\/\/bohus-villan.se\/kundanpassade-hus\/","name":"Customised houses - Bohus-villan","isPartOf":{"@id":"https:\/\/bohus-villan.se\/#website"},"datePublished":"2023-11-08T17:16:09+00:00","dateModified":"2024-01-17T09:06:49+00:00","breadcrumb":{"@id":"https:\/\/bohus-villan.se\/kundanpassade-hus\/#breadcrumb"},"inLanguage":"en-GB","potentialAction":[{"@type":"ReadAction","target":["https:\/\/bohus-villan.se\/kundanpassade-hus\/"]}]},{"@type":"BreadcrumbList","@id":"https:\/\/bohus-villan.se\/kundanpassade-hus\/#breadcrumb","itemListElement":[{"@type":"ListItem","position":1,"name":"Hem","item":"https:\/\/bohus-villan.se\/"},{"@type":"ListItem","position":2,"name":"Kundanpassade hus"}]},{"@type":"WebSite","@id":"https:\/\/bohus-villan.se\/#website","url":"https:\/\/bohus-villan.se\/","name":"Bohus villa","description":"","publisher":{"@id":"https:\/\/bohus-villan.se\/#organization"},"potentialAction":[{"@type":"SearchAction","target":{"@type":"EntryPoint","urlTemplate":"https:\/\/bohus-villan.se\/?s={search_term_string}"},"query-input":{"@type":"PropertyValueSpecification","valueRequired":true,"valueName":"search_term_string"}}],"inLanguage":"en-GB"},{"@type":"Organization","@id":"https:\/\/bohus-villan.se\/#organization","name":"Bohus villa","url":"https:\/\/bohus-villan.se\/","logo":{"@type":"ImageObject","inLanguage":"en-GB","@id":"https:\/\/bohus-villan.se\/#\/schema\/logo\/image\/","url":"https:\/\/bohus-villan.se\/wp-content\/uploads\/2023\/11\/LOGGA-TANSPERANT.png","contentUrl":"https:\/\/bohus-villan.se\/wp-content\/uploads\/2023\/11\/LOGGA-TANSPERANT.png","width":416,"height":190,"caption":"Bohus-villan"},"image":{"@id":"https:\/\/bohus-villan.se\/#\/schema\/logo\/image\/"}}]}},"_links":{"self":[{"href":"https:\/\/bohus-villan.se\/en\/wp-json\/wp\/v2\/pages\/528","targetHints":{"allow":["GET"]}}],"collection":[{"href":"https:\/\/bohus-villan.se\/en\/wp-json\/wp\/v2\/pages"}],"about":[{"href":"https:\/\/bohus-villan.se\/en\/wp-json\/wp\/v2\/types\/page"}],"author":[{"embeddable":true,"href":"https:\/\/bohus-villan.se\/en\/wp-json\/wp\/v2\/users\/1"}],"replies":[{"embeddable":true,"href":"https:\/\/bohus-villan.se\/en\/wp-json\/wp\/v2\/comments?post=528"}],"version-history":[{"count":0,"href":"https:\/\/bohus-villan.se\/en\/wp-json\/wp\/v2\/pages\/528\/revisions"}],"wp:attachment":[{"href":"https:\/\/bohus-villan.se\/en\/wp-json\/wp\/v2\/media?parent=528"}],"curies":[{"name":"wp","href":"https:\/\/api.w.org\/{rel}","templated":true}]}}